{"id":38571,"date":"2019-04-01T11:47:45","date_gmt":"2019-04-01T09:47:45","guid":{"rendered":"https:\/\/www.qubix.it\/policy-newsletter\/"},"modified":"2022-03-30T10:11:55","modified_gmt":"2022-03-30T08:11:55","slug":"policy-newsletter","status":"publish","type":"page","link":"https:\/\/www.qubix.it\/en\/policy-newsletter\/","title":{"rendered":"Policy Newsletter"},"content":{"rendered":"<h3><strong>Policy Newsletter<\/strong><\/h3>\n<p class=\"p1\"><span class=\"s1\"><b>INFORMATIVA PER IL TRATTAMENTO DEI DATI PERSONALI<\/b><\/span><\/p>\n<p>In questa pagina si descrivono le modalit\u00e0 di gestione del servizio di newsletter in riferimento al trattamento dei dati personali degli utenti che vi si iscrivono.<br \/>\nL&#8217;informativa \u00e8 resa ai sensi degli artt. 13 e 14 del GDPR 2016\/679 e della normativa nazionale vigente, a coloro che interagiscono in particolare con i servizi di newsletter informativa, divulgativa e promozionale di QUBIX SPA, accessibili per via telematica.<\/p>\n<p><strong>Titolare del trattamento<\/strong><br \/>\nIl Titolare del Trattamento \u00e8 QUBIX SPA, con sede in Via Canada, 22\/A &#8211; 35127 Padova (PD).<\/p>\n<p><strong>Responsabile Esterno del trattamento<\/strong><br \/>\nNet Banana srl \u00e8 stata designata Responsabile esterno del trattamento ai sensi dell\u2019art. 28 del GDPR 2016\/679 e della normativa nazionale vigente, quale soggetto fornitore dei servizi di sviluppo e manutenzione della piattaforma web, nonch\u00e9 per l\u2019erogazione e gestione operativa delle piattaforme tecnologiche impiegate.<\/p>\n<p><strong>Finalit\u00e0 e base giuridica del trattamento<\/strong><br \/>\nLa raccolta ed il trattamento dei dati personali sono effettuati al fine di condurre:<\/p>\n<ul>\n<li>Su specifica richiesta dell\u2019Interessato, l\u2019invio della newsletter informativa avente ad oggetto comunicazioni di servizio e notizie su servizi o iniziative promozionali (art. 6 par. 1 let. b) GDPR 2016\/679).<\/li>\n<li>Previo specifico consenso dell\u2019interessato, l\u2019invio di comunicazioni di tipo informativo, commerciale e\/o promozionale (Direct E-Mail Marketing), nel pieno rispetto del GDPR 2016\/679 e della normativa nazionale vigente (art. 130 D.Lgs 196\/2003 ss. mm. ii.) nonch\u00e9 del Provvedimento del Garante del 04\/07\/2013 \u201cLinee guida in materia di attivit\u00e0 promozionale e contrasto allo spam\u201d (art. 6 par. 1 let. a) GDPR 2016\/679) (art. 6 par. 1 let. a) GDPR 2016\/679).<\/li>\n<li>Previo espresso consenso dell\u2019Interessato, la cessione dei dati dell\u2019Interessato a terze parti operanti nel settore degli strumenti di misura e controllo, di materiale elettrico ed elettronico e di agenzie di rappresentanza per l\u2019invio di comunicazioni e\/o informazioni su servizi o iniziative promozionali mediante modalit\u00e0 di contatto di tipo automatizzato (telefono senza operatore, sms, mms, email, fax) o tradizionale (telefono con operatore, posta) (art. 6 par. 1 let. a) GDPR 2016\/679). Per altre informazioni si pu\u00f2 fare riferimento a questo <a href=\"https:\/\/www.flukenetworks.com\/about\/privacy\" target=\"_blank\" rel=\"noopener noreferrer\">link<\/a>.<\/li>\n<\/ul>\n<p>La raccolta e la registrazione dei dati avverranno per scopi determinati, espliciti e legittimi e con modalit\u00e0 compatibili con tali scopi, nell&#8217;ambito del trattamento necessario per il funzionamento dell\u2019attivit\u00e0 di impresa. Tali dati saranno trattati secondo il principio di esattezza e, se necessario, opportunamente aggiornati, in modo che essi risultino sempre pertinenti, completi e non eccedenti rispetto alle finalit\u00e0 di raccolta e che la loro conservazione sia funzionale al periodo di tempo necessario allo scopo per il quale sono stati raccolti e successivamente trattati secondo il GDPR 2016\/679 e la normativa nazionale vigente.<br \/>\nI dati personali possono essere trattati con l\u2019ausilio di strumenti sia cartacei che telematici e comunque in modo tale da garantirne la sicurezza e tutelare la massima riservatezza dell\u2019interessato. Specifiche misure di sicurezza sono osservate per prevenire la perdita dei dati, usi illeciti o non corretti ed accessi non autorizzati nel pieno rispetto dell\u2019art. 32 del GDPR 2016\/679 e della normativa nazionale vigente.<\/p>\n<p><strong>Natura obbligatoria o facoltativa del conferimento dei dati e conseguenza di un eventuale rifiuto<\/strong><br \/>\nA parte quanto specificato per i dati di navigazione, l\u2019Interessato \u00e8 libero di fornire i dati personali riportati nei moduli di richiesta o comunque indicati in contatti per sollecitare l&#8217;invio della newsletter. Il consenso \u00e8 facoltativo e, qualora conferito, esso \u00e8 revocabile in ogni tempo, senza pregiudizio per la liceit\u00e0 del trattamento basato sul consenso prestato prima della revoca.<br \/>\nIl mancato conferimento pu\u00f2 comportare l&#8217;impossibilit\u00e0 di ottenere quanto richiesto.<\/p>\n<p><strong>Comunicazione dei dati<\/strong><br \/>\nFerme restando le comunicazioni e diffusioni effettuate in esecuzione di obblighi di legge, tutti i dati raccolti ed elaborati potranno essere comunicati a:<\/p>\n<ul>\n<li>Professionisti e consulenti, in particolare soggetti che forniscono servizi per la gestione del sistema informativo e delle reti di telecomunicazioni (compresa la posta elettronica);<\/li>\n<li>Soggetti che effettuano trattamenti per conto del Titolare in qualit\u00e0 di Responsabili ex art. 28 GDPR 2016\/679, quali, a titolo meramente esemplificativo e non esaustivo: soggetti che forniscono servizi per la gestione del sistema informativo e delle reti di telecomunicazioni (compresa la posta elettronica). L\u2019elenco completo ed aggiornato dei Responsabili \u00e8 conoscibile, agli aventi diritto, a mera richiesta presso la sede del Titolare<\/li>\n<li>Soggetti autorizzati ad accedere ai dati dalla normativa vigente e\/o ai quali di dati debbano essere comunicati in esecuzione di obblighi di legge.<\/li>\n<\/ul>\n<p>I dati personali potranno essere trattati dai dipendenti e collaboratori assegnati ai competenti uffici della Scrivente, esplicitamente autorizzati al trattamento il base a quanto stabilito dall\u2019art. 29 del GDPR 2016\/679 e dalla normativa nazionale vigente.<\/p>\n<p><strong>Trasferimento dei dati all\u2019estero<\/strong><br \/>\nI dati personali potranno essere comunicati e\/o trasmessi all\u2019estero solo per il perseguimento delle finalit\u00e0 di cui alla presente informativa, ovvero per motivi esclusivamente tecnici legati alla struttura del Sistema Informativo aziendale e\/o all\u2019applicazione di misure di sicurezza tecniche e organizzative ritenute idonee dal Titolare (art. 32 GDPR 2016\/679), ed esclusivamente nel rispetto degli artt. 44 s.s. del GDPR 2016\/679.<\/p>\n<p><strong>Tempi di conservazione dei dati:<\/strong><br \/>\nI dati forniti verranno conservati presso i nostri archivi secondo i seguenti parametri:<\/p>\n<ul>\n<li>Dati trattati per il servizio di newsletter informativa: fino a richiesta di cancellazione dal servizio;<\/li>\n<li>Dati trattati per finalit\u00e0 di Direct E-Mail Marketing: 24 mesi, salvo in ogni caso la richiesta di cancellazione dal servizio effettuata dall\u2019Interessato;<\/li>\n<li>Dati trattati per finalit\u00e0 di profilazione: 12 mesi;<\/li>\n<li>Dati trattati per cessione a terzi (marketing indiretto): 24 mesi.<\/li>\n<\/ul>\n<p>In relazione agli specifici termini di prescrizione previsti dall&#8217;ordinamento, potrebbero essere soggetti a tempi di conservazione pi\u00f9 lunghi i dati necessari per l&#8217;accertamento, l&#8217;esercizio o la difesa di un diritto in sede giudiziaria. La verifica sulla obsolescenza dei dati conservati in relazione alle finalit\u00e0 per cui sono stati raccolti viene effettuata periodicamente.<\/p>\n<p><strong>Diritti dell\u2019interessato<\/strong><br \/>\nRelativamente ai dati personali l\u2019interessato pu\u00f2 esercitare i diritti previsti nei limiti e alle condizioni previste dagli artt. dal 15 al 22 del GDPR 2016\/679 e dalla normativa nazionale vigente. In particolare, il GDPR attribuisce all\u2019Interessato:<\/p>\n<ul>\n<li>Diritto di accesso (art. 15 GDPR 2016\/679);<\/li>\n<li>Diritto di rettifica dei dati personali inesatti e diritto di integrazione dei parti personali incompleti (art. 16 GDPR 2016\/679);<\/li>\n<li>Diritto alla cancellazione (art. 17 GDPR 2016\/679);<\/li>\n<li>Diritto di limitazione del trattamento (art. 18 GDPR 2016\/679);<\/li>\n<li>Diritto di richiedere i destinatari ai quali sono state comunicate le eventuali rettifiche o cancellazioni o limitazioni del trattamento (art. 19 GDPR 2016\/679);<\/li>\n<li>Diritto alla portabilit\u00e0 dei dati (art. 20 GDPR 2016\/679);<\/li>\n<li>Diritto di opposizione (art. 21 GDPR 2016\/679);<\/li>\n<li>Diritto di non essere sottoposto a una decisione basata unicamente sul trattamento automatizzato (art. 22 GDPR 2016\/679).<\/li>\n<\/ul>\n<p>In caso di sottoscrizione di una qualsiasi forma di consenso al trattamento, si fa presente che l\u2019interessato pu\u00f2 revocarlo in qualsiasi momento, fatti salvi gli adempimenti obbligatori previsti dalla normativa vigente al momento della richiesta di revoca, contattando il Titolare del Trattamento al seguente indirizzo di posta elettronica: <a href=\"mailto:info@qubix.it\">info@qubix.it<\/a>.<\/p>\n<p><strong>Diritto di Reclamo<\/strong><br \/>\nQualora ritenesse che il trattamento dei Suoi dati personali, effettuato attraverso questo sito, avvenga in violazione di quanto previsto dal GDPR 2016\/679, Lei ha inoltre il diritto di proporre reclamo al Garante per la protezione dei dati personali, come previsto dall&#8217;art. 77 del GDPR 2016\/679 stesso, o di adire le opportune sedi giudiziarie (art. 79 del GDPR 2016\/679).<\/p>\n<p><strong>Per maggiori informazioni puoi contattare il Titolare del trattamento:<\/strong><\/p>\n<p><strong>QUBIX SPA<\/strong><br \/>\nVia Canada, 22\/A &#8211; 35127 Padova (PD)<br \/>\nTel. +39 049 7801994 &#8211; Fax +39 049 775667<br \/>\neM.: <a href=\"mailto:info@qubix.it\">info@qubix.it<\/a><\/p>\n<p>Per ulteriori approfondimenti, si rimanda anche alla <a href=\"\/en\/privacy-policy\" target=\"_blank\" rel=\"noopener noreferrer\">privacy policy<\/a> del sito www.qubix.it di QUBIX SPA.<\/p>\n<p><strong>CANCELLAZIONE DEL SERVIZIO<\/strong><\/p>\n<p>Per non ricevere pi\u00f9 la newsletter, cliccare sul link presente in calce ad una qualsiasi mail relativa al servizio di newsletter, oppure, in caso di problemi, inviare una richiesta a: <a href=\"mailto:info@qubix.it\">info@qubix.it<\/a>.<\/p>\n<p>Ultima modifica: 22\/03\/2022<\/p>\n","protected":false},"excerpt":{"rendered":"<p>Policy Newsletter INFORMATIVA PER IL TRATTAMENTO DEI DATI PERSONALI In questa pagina si descrivono le modalit\u00e0 di gestione del servizio di newsletter in riferimento al trattamento dei dati personali degli utenti che vi si iscrivono. L&#8217;informativa \u00e8 resa ai sensi degli artt. 13 e 14 del GDPR 2016\/679 e della normativa nazionale vigente, a coloro [&hellip;]<\/p>\n","protected":false},"author":1,"featured_media":0,"parent":0,"menu_order":0,"comment_status":"closed","ping_status":"open","template":"","meta":[],"_links":{"self":[{"href":"https:\/\/www.qubix.it\/en\/wp-json\/wp\/v2\/pages\/38571"}],"collection":[{"href":"https:\/\/www.qubix.it\/en\/wp-json\/wp\/v2\/pages"}],"about":[{"href":"https:\/\/www.qubix.it\/en\/wp-json\/wp\/v2\/types\/page"}],"author":[{"embeddable":true,"href":"https:\/\/www.qubix.it\/en\/wp-json\/wp\/v2\/users\/1"}],"replies":[{"embeddable":true,"href":"https:\/\/www.qubix.it\/en\/wp-json\/wp\/v2\/comments?post=38571"}],"version-history":[{"count":2,"href":"https:\/\/www.qubix.it\/en\/wp-json\/wp\/v2\/pages\/38571\/revisions"}],"predecessor-version":[{"id":38577,"href":"https:\/\/www.qubix.it\/en\/wp-json\/wp\/v2\/pages\/38571\/revisions\/38577"}],"wp:attachment":[{"href":"https:\/\/www.qubix.it\/en\/wp-json\/wp\/v2\/media?parent=38571"}],"curies":[{"name":"wp","href":"https:\/\/api.w.org\/{rel}","templated":true}]}}